{"id":10861,"date":"2019-05-16T12:37:05","date_gmt":"2019-05-16T10:37:05","guid":{"rendered":"https:\/\/www.ac-vallejerte.es\/de\/?page_id=10861"},"modified":"2019-05-16T12:47:07","modified_gmt":"2019-05-16T10:47:07","slug":"maronen","status":"publish","type":"page","link":"https:\/\/ac-vallejerte.es\/de\/maronen\/","title":{"rendered":"Maronen"},"content":{"rendered":"<div  class='av-hotspot-image-container av-av_image_hotspot-72e6ec83a208dd5428dd0a21f555209e  avia-builder-el-0  el_before_av_submenu  avia-builder-el-first  av-hotspot-numbered  av-non-fullwidth-hotspot-image'  itemprop=\"image\" itemscope=\"itemscope\" itemtype=\"https:\/\/schema.org\/ImageObject\" ><div class='av-hotspot-container'><div class='av-hotspot-container-inner-cell'><div class='av-hotspot-container-inner-wrap'><img decoding=\"async\" fetchpriority=\"high\" class='wp-image-5899 avia-img-lazy-loading-not-5899 avia_image' src=\"https:\/\/ac-vallejerte.es\/wp-content\/uploads\/2015\/02\/Casta\u00f1as.jpg\" alt='' title='Casta\u00f1as'  height=\"1000\" width=\"1500\"  itemprop=\"thumbnailUrl\"  \/><\/div><\/div><\/div><\/div>\n<div class='clear'><\/div><div id='sub_menu1'  class='av-submenu-container av-av_submenu-df414de4556526eaf8f2d7344049b30b main_color  avia-builder-el-1  el_after_av_image_hotspot  el_before_av_section  av-sticky-submenu submenu-not-first container_wrap fullsize' style='z-index:301' ><div class='container av-menu-mobile-disabled av-submenu-pos-center'><ul id='av-custom-submenu-1' class='av-subnav-menu' role='menu'>\n<li class='menu-item av-av_submenu_item-b8bc6601f0b91810994e3034c67c6a0a menu-item-top-level menu-item-top-level-1' role='menuitem'><a href='#producto-menu'  ><span class='avia-bullet'><\/span><span class='avia-menu-text'>Produkt<\/span><\/a><\/li>\n<li class='menu-item av-av_submenu_item-e6c1b10a872e0c1e07ac3face64758ab menu-item-top-level menu-item-top-level-2' role='menuitem'><a href='#menu-calendario'  ><span class='avia-bullet'><\/span><span class='avia-menu-text'>Kalender<\/span><\/a><\/li>\n<li class='menu-item av-av_submenu_item-fcda9bbc68d62d7e424a9c48b1e916c4 menu-item-top-level menu-item-top-level-3' role='menuitem'><a href='#menu-datos'  ><span class='avia-bullet'><\/span><span class='avia-menu-text'>Daten<\/span><\/a><\/li>\n<\/ul><\/div><\/div><div class='sticky_placeholder'><\/div>\n<div id='producto-menu'  class='avia-section av-av_section-6ccb7752991e42ae7d3b7e7152ddbbf1 main_color avia-section-default avia-no-shadow  avia-builder-el-2  el_after_av_submenu  el_before_av_section  avia-bg-style-scroll container_wrap fullsize'  ><div class='container av-section-cont-open' ><div class='template-page content  av-content-full alpha units'><div class='post-entry post-entry-type-page post-entry-10861'><div class='entry-content-wrapper clearfix'>\n\n<style type=\"text\/css\" data-created_by=\"avia_inline_auto\" id=\"style-css-av-av_heading-616a8f81255d300ed73fdb5fe5bfc9af\">\n#top .av-special-heading.av-av_heading-616a8f81255d300ed73fdb5fe5bfc9af{\npadding-bottom:0;\n}\nbody .av-special-heading.av-av_heading-616a8f81255d300ed73fdb5fe5bfc9af .av-special-heading-tag .heading-char{\nfont-size:25px;\n}\n.av-special-heading.av-av_heading-616a8f81255d300ed73fdb5fe5bfc9af .av-subheading{\nfont-size:15px;\n}\n<\/style>\n<div  class='av-special-heading av-av_heading-616a8f81255d300ed73fdb5fe5bfc9af av-special-heading-h1 blockquote modern-quote modern-centered  avia-builder-el-3  el_before_av_textblock  avia-builder-el-first '><h1 class='av-special-heading-tag '  itemprop=\"headline\"  >Maronen<\/h1><div class=\"special-heading-border\"><div class=\"special-heading-inner-border\"><\/div><\/div><\/div>\n\n<style type=\"text\/css\" data-created_by=\"avia_inline_auto\" id=\"style-css-av-av_textblock-04925bd89c6136d362a84eb2d942e129\">\n#top .av_textblock_section.av-av_textblock-04925bd89c6136d362a84eb2d942e129 .avia_textblock{\nfont-size:17px;\n}\n<\/style>\n<section  class='av_textblock_section av-av_textblock-04925bd89c6136d362a84eb2d942e129 '   itemscope=\"itemscope\" itemtype=\"https:\/\/schema.org\/CreativeWork\" ><div class='avia_textblock'  itemprop=\"text\" ><p style=\"text-align: center;\">El n\u00famero de variedades cultivadas en Europa es muy elevado, sin embargo, se generaliza como casta\u00f1a com\u00fan o europea, atendiendo al patr\u00f3n para diferenciarla de la casta\u00f1a china, la casta\u00f1a japonesa y la americana.<\/p>\n<\/div><\/section>\n\n<style type=\"text\/css\" data-created_by=\"avia_inline_auto\" id=\"style-css-av-av_hr-90ab8665481416921441e69d3f748115\">\n#top .hr.av-av_hr-90ab8665481416921441e69d3f748115{\nmargin-top:30px;\nmargin-bottom:30px;\n}\n.hr.av-av_hr-90ab8665481416921441e69d3f748115 .hr-inner{\nwidth:50px;\nborder-color:#000000;\n}\n<\/style>\n<div  class='hr av-av_hr-90ab8665481416921441e69d3f748115 hr-custom  avia-builder-el-5  el_after_av_textblock  el_before_av_one_fifth  hr-center hr-icon-no'><span class='hr-inner inner-border-av-border-fat'><span class=\"hr-inner-style\"><\/span><\/span><\/div>\n\n<style type=\"text\/css\" data-created_by=\"avia_inline_auto\" id=\"style-css-av-av_one_fifth-9497bbf8bff73ea4c6992cc17fa9ec36\">\n.flex_column.av-av_one_fifth-9497bbf8bff73ea4c6992cc17fa9ec36{\nborder-radius:0px 0px 0px 0px;\npadding:0px 0px 0px 0px;\n}\n<\/style>\n<div  class='flex_column av-av_one_fifth-9497bbf8bff73ea4c6992cc17fa9ec36 av_one_fifth  avia-builder-el-6  el_after_av_hr  el_before_av_three_fifth  first flex_column_div av-zero-column-padding  '     ><\/div>\n<style type=\"text\/css\" data-created_by=\"avia_inline_auto\" id=\"style-css-av-av_three_fifth-9c1d454dc06f7247226bc4e8f931daae\">\n.flex_column.av-av_three_fifth-9c1d454dc06f7247226bc4e8f931daae{\nborder-radius:0px 0px 0px 0px;\npadding:0px 0px 0px 0px;\n}\n<\/style>\n<div  class='flex_column av-av_three_fifth-9c1d454dc06f7247226bc4e8f931daae av_three_fifth  avia-builder-el-7  el_after_av_one_fifth  el_before_av_one_fifth  flex_column_div av-zero-column-padding  '     ><section  class='av_textblock_section av-av_textblock-0366cc7376be6c9e82a3e9cc8987b64f '   itemscope=\"itemscope\" itemtype=\"https:\/\/schema.org\/CreativeWork\" ><div class='avia_textblock'  itemprop=\"text\" ><p style=\"text-align: center;\">En el Valle del Jerte la variedad predominante se conoce como De Pablo. Se trata de un cultivo tradicional, de monta\u00f1a, con \u00e1rboles frondosos, en pendiente considerable en muchos casos.<\/p>\n<p style=\"text-align: center;\">La recolecci\u00f3n se hace totalmente manual debido a que las condiciones del terreno impiden la utilizaci\u00f3n de maquinaria. Comienza a principios de Octubre y se alarga hasta finales de Noviembre.<\/p>\n<p style=\"text-align: center;\">La casta\u00f1a recolectada en los verdes y h\u00famedos parajes del Valle del Jerte, es de piel brillante, forma redondeada y color pardo.<\/p>\n<\/div><\/section><br \/>\n\n<style type=\"text\/css\" data-created_by=\"avia_inline_auto\" id=\"style-css-av-av_image-67ec474d3059f942c6e89634b8a5dece\">\n.avia-image-container.av-av_image-67ec474d3059f942c6e89634b8a5dece img.avia_image{\nbox-shadow:none;\n}\n.avia-image-container.av-av_image-67ec474d3059f942c6e89634b8a5dece .av-image-caption-overlay-center{\ncolor:#ffffff;\n}\n<\/style>\n<div  class='avia-image-container av-av_image-67ec474d3059f942c6e89634b8a5dece av-styling- avia-align-center  avia-builder-el-9  el_after_av_textblock  avia-builder-el-last '   itemprop=\"image\" itemscope=\"itemscope\" itemtype=\"https:\/\/schema.org\/ImageObject\" ><div class=\"avia-image-container-inner\"><div class=\"avia-image-overlay-wrap\"><img decoding=\"async\" fetchpriority=\"high\" class='wp-image-1255 avia-img-lazy-loading-not-1255 avia_image ' src=\"https:\/\/ac-vallejerte.es\/wp-content\/uploads\/2016\/04\/castanas-tienda.jpg\" alt='' title='castanas-tienda'  height=\"1500\" width=\"1000\"  itemprop=\"thumbnailUrl\"  \/><\/div><\/div><\/div><\/p><\/div>\n<style type=\"text\/css\" data-created_by=\"avia_inline_auto\" id=\"style-css-av-av_one_fifth-9c1d454dc06f7247226bc4e8f931daae\">\n.flex_column.av-av_one_fifth-9c1d454dc06f7247226bc4e8f931daae{\nborder-radius:0px 0px 0px 0px;\npadding:0px 0px 0px 0px;\n}\n<\/style>\n<div  class='flex_column av-av_one_fifth-9c1d454dc06f7247226bc4e8f931daae av_one_fifth  avia-builder-el-10  el_after_av_three_fifth  avia-builder-el-last  flex_column_div av-zero-column-padding  '     ><\/div><\/div><\/div><\/div><!-- close content main div --><\/div><\/div><div id='menu-calendario'  class='avia-section av-av_section-578086f0078af1c205527d2d92351af8 main_color avia-section-default avia-no-border-styling  avia-builder-el-11  el_after_av_section  el_before_av_section  avia-bg-style-scroll container_wrap fullsize'  ><div class='container av-section-cont-open' ><div class='template-page content  av-content-full alpha units'><div class='post-entry post-entry-type-page post-entry-10861'><div class='entry-content-wrapper clearfix'>\n\n<style type=\"text\/css\" data-created_by=\"avia_inline_auto\" id=\"style-css-av-av_heading-48244fac0df6ccc8153595871cdc7d98\">\n#top .av-special-heading.av-av_heading-48244fac0df6ccc8153595871cdc7d98{\npadding-bottom:0;\n}\nbody .av-special-heading.av-av_heading-48244fac0df6ccc8153595871cdc7d98 .av-special-heading-tag .heading-char{\nfont-size:25px;\n}\n.av-special-heading.av-av_heading-48244fac0df6ccc8153595871cdc7d98 .av-subheading{\nfont-size:15px;\n}\n<\/style>\n<div  class='av-special-heading av-av_heading-48244fac0df6ccc8153595871cdc7d98 av-special-heading-h1 blockquote modern-quote modern-centered  avia-builder-el-12  el_before_av_hr  avia-builder-el-first '><h1 class='av-special-heading-tag '  itemprop=\"headline\"  >Kalender<\/h1><div class=\"special-heading-border\"><div class=\"special-heading-inner-border\"><\/div><\/div><\/div>\n<div  class='hr av-av_hr-dcd2069817a0e3d34ae04cad8f3443c7 hr-default  avia-builder-el-13  el_after_av_heading  el_before_av_image '><span class='hr-inner '><span class=\"hr-inner-style\"><\/span><\/span><\/div>\n\n<style type=\"text\/css\" data-created_by=\"avia_inline_auto\" id=\"style-css-av-av_image-8d40065b8ab0969fe8269ccf5f08f238\">\n.avia-image-container.av-av_image-8d40065b8ab0969fe8269ccf5f08f238 img.avia_image{\nbox-shadow:none;\n}\n.avia-image-container.av-av_image-8d40065b8ab0969fe8269ccf5f08f238 .av-image-caption-overlay-center{\ncolor:#ffffff;\n}\n<\/style>\n<div  class='avia-image-container av-av_image-8d40065b8ab0969fe8269ccf5f08f238 av-styling- avia-align-center  avia-builder-el-14  el_after_av_hr  el_before_av_hr '   itemprop=\"image\" itemscope=\"itemscope\" itemtype=\"https:\/\/schema.org\/ImageObject\" ><div class=\"avia-image-container-inner\"><div class=\"avia-image-overlay-wrap\"><img decoding=\"async\" fetchpriority=\"high\" class='wp-image-5928 avia-img-lazy-loading-not-5928 avia_image ' src=\"https:\/\/ac-vallejerte.es\/wp-content\/uploads\/2016\/04\/casta\u00f1a.png\" alt='' title='casta\u00f1a'  height=\"592\" width=\"1773\"  itemprop=\"thumbnailUrl\"  \/><\/div><\/div><\/div>\n<div  class='hr av-av_hr-dcd2069817a0e3d34ae04cad8f3443c7 hr-default  avia-builder-el-15  el_after_av_image  avia-builder-el-last '><span class='hr-inner '><span class=\"hr-inner-style\"><\/span><\/span><\/div>\n<\/p>\n<\/div><\/div><\/div><!-- close content main div --><\/div><\/div><div id='menu-datos'  class='avia-section av-av_section-104ebf86656e84c969061484bceb3dac main_color avia-section-default avia-no-border-styling  avia-builder-el-16  el_after_av_section  avia-builder-el-last  avia-bg-style-scroll container_wrap fullsize'  ><div class='container av-section-cont-open' ><div class='template-page content  av-content-full alpha units'><div class='post-entry post-entry-type-page post-entry-10861'><div class='entry-content-wrapper clearfix'>\n\n<style type=\"text\/css\" data-created_by=\"avia_inline_auto\" id=\"style-css-av-av_heading-0c81edda57cfecb66a4dbe24011497ba\">\n#top .av-special-heading.av-av_heading-0c81edda57cfecb66a4dbe24011497ba{\npadding-bottom:0;\n}\nbody .av-special-heading.av-av_heading-0c81edda57cfecb66a4dbe24011497ba .av-special-heading-tag .heading-char{\nfont-size:25px;\n}\n.av-special-heading.av-av_heading-0c81edda57cfecb66a4dbe24011497ba .av-subheading{\nfont-size:15px;\n}\n<\/style>\n<div  class='av-special-heading av-av_heading-0c81edda57cfecb66a4dbe24011497ba av-special-heading-h2 blockquote modern-quote modern-centered  avia-builder-el-17  el_before_av_hr  avia-builder-el-first '><h2 class='av-special-heading-tag '  itemprop=\"headline\"  >Daten<\/h2><div class=\"special-heading-border\"><div class=\"special-heading-inner-border\"><\/div><\/div><\/div>\n<div  class='hr av-av_hr-dcd2069817a0e3d34ae04cad8f3443c7 hr-default  avia-builder-el-18  el_after_av_heading  el_before_av_one_third '><span class='hr-inner '><span class=\"hr-inner-style\"><\/span><\/span><\/div>\n\n<style type=\"text\/css\" data-created_by=\"avia_inline_auto\" id=\"style-css-av-av_one_third-9497bbf8bff73ea4c6992cc17fa9ec36\">\n.flex_column.av-av_one_third-9497bbf8bff73ea4c6992cc17fa9ec36{\nborder-radius:0px 0px 0px 0px;\npadding:0px 0px 0px 0px;\n}\n<\/style>\n<div  class='flex_column av-av_one_third-9497bbf8bff73ea4c6992cc17fa9ec36 av_one_third  avia-builder-el-19  el_after_av_hr  el_before_av_one_third  first flex_column_div av-zero-column-padding  '     ><article  class='iconbox iconbox_top av-av_icon_box-a21c2e843a94dbeacc8c37b586e752b7  avia-builder-el-20  avia-builder-el-no-sibling  main_color'  itemscope=\"itemscope\" itemtype=\"https:\/\/schema.org\/CreativeWork\" ><div class=\"iconbox_content\"><header class=\"entry-content-header\" aria-label=\"Icon: Esskastanien\"><div class='iconbox_icon heading-color avia-iconfont avia-font-entypo-fontello' data-av_icon='\ue827' data-av_iconfont='entypo-fontello'  ><\/div><h3 class='iconbox_content_title '  itemprop=\"headline\" >Esskastanien<\/h3><\/header><div class='iconbox_content_container '  itemprop=\"text\" ><p>St\u00fcckelung<\/p>\n<\/div><\/div><footer class=\"entry-footer\"><\/footer><\/article><\/div>\n<style type=\"text\/css\" data-created_by=\"avia_inline_auto\" id=\"style-css-av-av_one_third-9c1d454dc06f7247226bc4e8f931daae\">\n.flex_column.av-av_one_third-9c1d454dc06f7247226bc4e8f931daae{\nborder-radius:0px 0px 0px 0px;\npadding:0px 0px 0px 0px;\n}\n<\/style>\n<div  class='flex_column av-av_one_third-9c1d454dc06f7247226bc4e8f931daae av_one_third  avia-builder-el-21  el_after_av_one_third  el_before_av_one_third  flex_column_div av-zero-column-padding  '     ><article  class='iconbox iconbox_top av-av_icon_box-90b63aa5f24e0d8f356ac4a59682e693  avia-builder-el-22  avia-builder-el-no-sibling  main_color'  itemscope=\"itemscope\" itemtype=\"https:\/\/schema.org\/CreativeWork\" ><div class=\"iconbox_content\"><header class=\"entry-content-header\" aria-label=\"Icon: AC Valle del Jerte\"><div class='iconbox_icon heading-color avia-iconfont avia-font-entypo-fontello' data-av_icon='\ue821' data-av_iconfont='entypo-fontello'  ><\/div><h3 class='iconbox_content_title '  itemprop=\"headline\" >AC Valle del Jerte<\/h3><\/header><div class='iconbox_content_container '  itemprop=\"text\" ><p>Verpackung<\/p>\n<\/div><\/div><footer class=\"entry-footer\"><\/footer><\/article><\/div>\n<style type=\"text\/css\" data-created_by=\"avia_inline_auto\" id=\"style-css-av-av_one_third-9c1d454dc06f7247226bc4e8f931daae\">\n.flex_column.av-av_one_third-9c1d454dc06f7247226bc4e8f931daae{\nborder-radius:0px 0px 0px 0px;\npadding:0px 0px 0px 0px;\n}\n<\/style>\n<div  class='flex_column av-av_one_third-9c1d454dc06f7247226bc4e8f931daae av_one_third  avia-builder-el-23  el_after_av_one_third  avia-builder-el-last  flex_column_div av-zero-column-padding  '     ><article  class='iconbox iconbox_top av-av_icon_box-3f4248e81701af4b992418b7c6f52ec2  avia-builder-el-24  avia-builder-el-no-sibling  main_color'  itemscope=\"itemscope\" itemtype=\"https:\/\/schema.org\/CreativeWork\" ><div class=\"iconbox_content\"><header class=\"entry-content-header\" aria-label=\"Icon: Spanien\"><div class='iconbox_icon heading-color avia-iconfont avia-font-entypo-fontello' data-av_icon='\ue842' data-av_iconfont='entypo-fontello'  ><\/div><h3 class='iconbox_content_title '  itemprop=\"headline\" >Spanien<\/h3><\/header><div class='iconbox_content_container '  itemprop=\"text\" ><p>Herkunft<\/p>\n<\/div><\/div><footer class=\"entry-footer\"><\/footer><\/article><\/div>\n\n","protected":false},"excerpt":{"rendered":"","protected":false},"author":1,"featured_media":0,"parent":0,"menu_order":0,"comment_status":"closed","ping_status":"closed","template":"","meta":{"footnotes":""},"class_list":["post-10861","page","type-page","status-publish","hentry"],"yoast_head":"<!-- This site is optimized with the Yoast SEO plugin v27.0 - https:\/\/yoast.com\/product\/yoast-seo-wordpress\/ -->\n<title>Maronen - Agrupaci\u00f3n de Cooperativas del Valle del Jerte<\/title>\n<meta name=\"robots\" content=\"index, follow, max-snippet:-1, max-image-preview:large, max-video-preview:-1\" \/>\n<link rel=\"canonical\" href=\"https:\/\/ac-vallejerte.es\/castanas\/\" \/>\n<meta property=\"og:locale\" content=\"de_DE\" \/>\n<meta property=\"og:type\" content=\"article\" \/>\n<meta property=\"og:title\" content=\"Maronen - Agrupaci\u00f3n de Cooperativas del Valle del Jerte\" \/>\n<meta property=\"og:url\" content=\"https:\/\/ac-vallejerte.es\/castanas\/\" \/>\n<meta property=\"og:site_name\" content=\"Agrupaci\u00f3n de Cooperativas del Valle del Jerte\" \/>\n<meta property=\"article:publisher\" content=\"https:\/\/www.facebook.com\/AgrupacionCooperativasValleJerte\" \/>\n<meta property=\"article:modified_time\" content=\"2019-05-16T10:47:07+00:00\" \/>\n<meta name=\"twitter:card\" content=\"summary_large_image\" \/>\n<meta name=\"twitter:label1\" content=\"Gesch\u00e4tzte Lesezeit\" \/>\n\t<meta name=\"twitter:data1\" content=\"6\u00a0Minuten\" \/>\n<script type=\"application\/ld+json\" class=\"yoast-schema-graph\">{\"@context\":\"https:\/\/schema.org\",\"@graph\":[{\"@type\":\"WebPage\",\"@id\":\"https:\/\/ac-vallejerte.es\/castanas\/\",\"url\":\"https:\/\/ac-vallejerte.es\/castanas\/\",\"name\":\"Maronen - Agrupaci\u00f3n de Cooperativas del Valle del Jerte\",\"isPartOf\":{\"@id\":\"https:\/\/ac-vallejerte.es\/#website\"},\"datePublished\":\"2019-05-16T10:37:05+00:00\",\"dateModified\":\"2019-05-16T10:47:07+00:00\",\"breadcrumb\":{\"@id\":\"https:\/\/ac-vallejerte.es\/castanas\/#breadcrumb\"},\"inLanguage\":\"de\",\"potentialAction\":[{\"@type\":\"ReadAction\",\"target\":[\"https:\/\/ac-vallejerte.es\/castanas\/\"]}]},{\"@type\":\"BreadcrumbList\",\"@id\":\"https:\/\/ac-vallejerte.es\/castanas\/#breadcrumb\",\"itemListElement\":[{\"@type\":\"ListItem\",\"position\":1,\"name\":\"Portada\",\"item\":\"https:\/\/ac-vallejerte.es\/de\/\"},{\"@type\":\"ListItem\",\"position\":2,\"name\":\"Maronen\"}]},{\"@type\":\"WebSite\",\"@id\":\"https:\/\/ac-vallejerte.es\/#website\",\"url\":\"https:\/\/ac-vallejerte.es\/\",\"name\":\"Agrupaci\u00f3n de Cooperativas del Valle del Jerte\",\"description\":\"Agrupaci\u00f3n de Cooperativas Valle del Jerte\",\"publisher\":{\"@id\":\"https:\/\/ac-vallejerte.es\/#organization\"},\"potentialAction\":[{\"@type\":\"SearchAction\",\"target\":{\"@type\":\"EntryPoint\",\"urlTemplate\":\"https:\/\/ac-vallejerte.es\/?s={search_term_string}\"},\"query-input\":{\"@type\":\"PropertyValueSpecification\",\"valueRequired\":true,\"valueName\":\"search_term_string\"}}],\"inLanguage\":\"de\"},{\"@type\":\"Organization\",\"@id\":\"https:\/\/ac-vallejerte.es\/#organization\",\"name\":\"Agrupaci\u00f3n de Cooperativas del Valle del Jerte\",\"url\":\"https:\/\/ac-vallejerte.es\/\",\"logo\":{\"@type\":\"ImageObject\",\"inLanguage\":\"de\",\"@id\":\"https:\/\/ac-vallejerte.es\/#\/schema\/logo\/image\/\",\"url\":\"https:\/\/ac-vallejerte.es\/wp-content\/uploads\/2018\/10\/acvj_200x200.png\",\"contentUrl\":\"https:\/\/ac-vallejerte.es\/wp-content\/uploads\/2018\/10\/acvj_200x200.png\",\"width\":200,\"height\":200,\"caption\":\"Agrupaci\u00f3n de Cooperativas del Valle del Jerte\"},\"image\":{\"@id\":\"https:\/\/ac-vallejerte.es\/#\/schema\/logo\/image\/\"},\"sameAs\":[\"https:\/\/www.facebook.com\/AgrupacionCooperativasValleJerte\",\"https:\/\/www.instagram.com\/agrup.coop.valledeljerte\"]}]}<\/script>\n<!-- \/ Yoast SEO plugin. -->","yoast_head_json":{"title":"Maronen - Agrupaci\u00f3n de Cooperativas del Valle del Jerte","robots":{"index":"index","follow":"follow","max-snippet":"max-snippet:-1","max-image-preview":"max-image-preview:large","max-video-preview":"max-video-preview:-1"},"canonical":"https:\/\/ac-vallejerte.es\/castanas\/","og_locale":"de_DE","og_type":"article","og_title":"Maronen - Agrupaci\u00f3n de Cooperativas del Valle del Jerte","og_url":"https:\/\/ac-vallejerte.es\/castanas\/","og_site_name":"Agrupaci\u00f3n de Cooperativas del Valle del Jerte","article_publisher":"https:\/\/www.facebook.com\/AgrupacionCooperativasValleJerte","article_modified_time":"2019-05-16T10:47:07+00:00","twitter_card":"summary_large_image","twitter_misc":{"Gesch\u00e4tzte Lesezeit":"6\u00a0Minuten"},"schema":{"@context":"https:\/\/schema.org","@graph":[{"@type":"WebPage","@id":"https:\/\/ac-vallejerte.es\/castanas\/","url":"https:\/\/ac-vallejerte.es\/castanas\/","name":"Maronen - Agrupaci\u00f3n de Cooperativas del Valle del Jerte","isPartOf":{"@id":"https:\/\/ac-vallejerte.es\/#website"},"datePublished":"2019-05-16T10:37:05+00:00","dateModified":"2019-05-16T10:47:07+00:00","breadcrumb":{"@id":"https:\/\/ac-vallejerte.es\/castanas\/#breadcrumb"},"inLanguage":"de","potentialAction":[{"@type":"ReadAction","target":["https:\/\/ac-vallejerte.es\/castanas\/"]}]},{"@type":"BreadcrumbList","@id":"https:\/\/ac-vallejerte.es\/castanas\/#breadcrumb","itemListElement":[{"@type":"ListItem","position":1,"name":"Portada","item":"https:\/\/ac-vallejerte.es\/de\/"},{"@type":"ListItem","position":2,"name":"Maronen"}]},{"@type":"WebSite","@id":"https:\/\/ac-vallejerte.es\/#website","url":"https:\/\/ac-vallejerte.es\/","name":"Agrupaci\u00f3n de Cooperativas del Valle del Jerte","description":"Agrupaci\u00f3n de Cooperativas Valle del Jerte","publisher":{"@id":"https:\/\/ac-vallejerte.es\/#organization"},"potentialAction":[{"@type":"SearchAction","target":{"@type":"EntryPoint","urlTemplate":"https:\/\/ac-vallejerte.es\/?s={search_term_string}"},"query-input":{"@type":"PropertyValueSpecification","valueRequired":true,"valueName":"search_term_string"}}],"inLanguage":"de"},{"@type":"Organization","@id":"https:\/\/ac-vallejerte.es\/#organization","name":"Agrupaci\u00f3n de Cooperativas del Valle del Jerte","url":"https:\/\/ac-vallejerte.es\/","logo":{"@type":"ImageObject","inLanguage":"de","@id":"https:\/\/ac-vallejerte.es\/#\/schema\/logo\/image\/","url":"https:\/\/ac-vallejerte.es\/wp-content\/uploads\/2018\/10\/acvj_200x200.png","contentUrl":"https:\/\/ac-vallejerte.es\/wp-content\/uploads\/2018\/10\/acvj_200x200.png","width":200,"height":200,"caption":"Agrupaci\u00f3n de Cooperativas del Valle del Jerte"},"image":{"@id":"https:\/\/ac-vallejerte.es\/#\/schema\/logo\/image\/"},"sameAs":["https:\/\/www.facebook.com\/AgrupacionCooperativasValleJerte","https:\/\/www.instagram.com\/agrup.coop.valledeljerte"]}]}},"_links":{"self":[{"href":"https:\/\/ac-vallejerte.es\/de\/wp-json\/wp\/v2\/pages\/10861","targetHints":{"allow":["GET"]}}],"collection":[{"href":"https:\/\/ac-vallejerte.es\/de\/wp-json\/wp\/v2\/pages"}],"about":[{"href":"https:\/\/ac-vallejerte.es\/de\/wp-json\/wp\/v2\/types\/page"}],"author":[{"embeddable":true,"href":"https:\/\/ac-vallejerte.es\/de\/wp-json\/wp\/v2\/users\/1"}],"replies":[{"embeddable":true,"href":"https:\/\/ac-vallejerte.es\/de\/wp-json\/wp\/v2\/comments?post=10861"}],"version-history":[{"count":0,"href":"https:\/\/ac-vallejerte.es\/de\/wp-json\/wp\/v2\/pages\/10861\/revisions"}],"wp:attachment":[{"href":"https:\/\/ac-vallejerte.es\/de\/wp-json\/wp\/v2\/media?parent=10861"}],"curies":[{"name":"wp","href":"https:\/\/api.w.org\/{rel}","templated":true}]}}