{"id":6219,"date":"2016-04-29T12:03:16","date_gmt":"2016-04-29T12:03:16","guid":{"rendered":"http:\/\/www.ac-vallejerte.es\/en\/politica-de-cookies\/"},"modified":"2018-12-27T18:57:57","modified_gmt":"2018-12-27T17:57:57","slug":"cookies-policy","status":"publish","type":"page","link":"https:\/\/ac-vallejerte.es\/en\/cookies-policy\/","title":{"rendered":"Cookies Policy"},"content":{"rendered":"\n<style type=\"text\/css\" data-created_by=\"avia_inline_auto\" id=\"style-css-av-av_section-8f3de834752fb07b0fce7b94cefccec7\">\n.avia-section.av-av_section-8f3de834752fb07b0fce7b94cefccec7{\nbackground-repeat:no-repeat;\nbackground-image:url(https:\/\/ac-vallejerte.es\/wp-content\/uploads\/2016\/04\/Politica-de-Cookies.jpg);\nbackground-position:0% 0%;\nbackground-attachment:scroll;\n}\n.avia-section.av-av_section-8f3de834752fb07b0fce7b94cefccec7 .av-section-color-overlay{\nopacity:0.6;\nbackground-color:#b02b2c;\n}\n<\/style>\n<div id='av_section_1'  class='avia-section av-av_section-8f3de834752fb07b0fce7b94cefccec7 main_color avia-section-default avia-no-shadow  avia-builder-el-0  el_before_av_heading  avia-builder-el-first  avia-bg-style-scroll av-section-color-overlay-active container_wrap fullsize'  data-section-bg-repeat='no-repeat'><div class=\"av-section-color-overlay-wrap\"><div class=\"av-section-color-overlay\"><\/div><div class='container av-section-cont-open' ><main  role=\"main\" itemprop=\"mainContentOfPage\"  class='template-page content  av-content-full alpha units'><div class='post-entry post-entry-type-page post-entry-6219'><div class='entry-content-wrapper clearfix'>\n\n<style type=\"text\/css\" data-created_by=\"avia_inline_auto\" id=\"style-css-av-av_hr-22b2c95b934dc9c4342fef8b904fb51c\">\n#top .hr.hr-invisible.av-av_hr-22b2c95b934dc9c4342fef8b904fb51c{\nheight:70px;\n}\n<\/style>\n<div  class='hr av-av_hr-22b2c95b934dc9c4342fef8b904fb51c hr-invisible  avia-builder-el-1  el_before_av_heading  avia-builder-el-first '><span class='hr-inner '><span class=\"hr-inner-style\"><\/span><\/span><\/div>\n\n<style type=\"text\/css\" data-created_by=\"avia_inline_auto\" id=\"style-css-av-av_heading-c020be3dcee8c778dcbc67391446f422\">\n#top .av-special-heading.av-av_heading-c020be3dcee8c778dcbc67391446f422{\npadding-bottom:10px;\ncolor:#ffffff;\nfont-size:70px;\n}\nbody .av-special-heading.av-av_heading-c020be3dcee8c778dcbc67391446f422 .av-special-heading-tag .heading-char{\nfont-size:25px;\n}\n#top #wrap_all .av-special-heading.av-av_heading-c020be3dcee8c778dcbc67391446f422 .av-special-heading-tag{\nfont-size:70px;\n}\n.av-special-heading.av-av_heading-c020be3dcee8c778dcbc67391446f422 .special-heading-inner-border{\nborder-color:#ffffff;\n}\n.av-special-heading.av-av_heading-c020be3dcee8c778dcbc67391446f422 .av-subheading{\nfont-size:40px;\n}\n\n@media only screen and (min-width: 480px) and (max-width: 767px){ \n#top #wrap_all .av-special-heading.av-av_heading-c020be3dcee8c778dcbc67391446f422 .av-special-heading-tag{\nfont-size:0.8em;\n}\n}\n\n@media only screen and (max-width: 479px){ \n#top #wrap_all .av-special-heading.av-av_heading-c020be3dcee8c778dcbc67391446f422 .av-special-heading-tag{\nfont-size:0.8em;\n}\n}\n<\/style>\n<div  class='av-special-heading av-av_heading-c020be3dcee8c778dcbc67391446f422 av-special-heading-h1 custom-color-heading blockquote modern-quote modern-centered  avia-builder-el-2  el_after_av_hr  el_before_av_heading  av-inherit-size'><h1 class='av-special-heading-tag '  itemprop=\"headline\"  >Cookies<\/h1><div class=\"special-heading-border\"><div class=\"special-heading-inner-border\"><\/div><\/div><\/div>\n\n<style type=\"text\/css\" data-created_by=\"avia_inline_auto\" id=\"style-css-av-av_heading-e650516b43e983c18b12cba4abc2a022\">\n#top .av-special-heading.av-av_heading-e650516b43e983c18b12cba4abc2a022{\npadding-bottom:3px;\ncolor:#ffffff;\nfont-size:55px;\n}\nbody .av-special-heading.av-av_heading-e650516b43e983c18b12cba4abc2a022 .av-special-heading-tag .heading-char{\nfont-size:25px;\n}\n#top #wrap_all .av-special-heading.av-av_heading-e650516b43e983c18b12cba4abc2a022 .av-special-heading-tag{\nfont-size:55px;\n}\n.av-special-heading.av-av_heading-e650516b43e983c18b12cba4abc2a022 .special-heading-inner-border{\nborder-color:#ffffff;\n}\n.av-special-heading.av-av_heading-e650516b43e983c18b12cba4abc2a022 .av-subheading{\nfont-size:35px;\n}\n\n@media only screen and (min-width: 480px) and (max-width: 767px){ \n#top #wrap_all .av-special-heading.av-av_heading-e650516b43e983c18b12cba4abc2a022 .av-special-heading-tag{\nfont-size:0.8em;\n}\n}\n\n@media only screen and (max-width: 479px){ \n#top #wrap_all .av-special-heading.av-av_heading-e650516b43e983c18b12cba4abc2a022 .av-special-heading-tag{\nfont-size:0.8em;\n}\n}\n<\/style>\n<div  class='av-special-heading av-av_heading-e650516b43e983c18b12cba4abc2a022 av-special-heading-h2 custom-color-heading blockquote modern-quote modern-centered  avia-builder-el-3  el_after_av_heading  el_before_av_hr  av-inherit-size'><div class='av_custom_color av-subheading av-subheading_above'><p>Agrupaci\u00f3n de Cooperativas<\/p>\n<\/div><h2 class='av-special-heading-tag '  itemprop=\"headline\"  >Valle del Jerte<\/h2><div class=\"special-heading-border\"><div class=\"special-heading-inner-border\"><\/div><\/div><\/div>\n\n<style type=\"text\/css\" data-created_by=\"avia_inline_auto\" id=\"style-css-av-av_hr-22b2c95b934dc9c4342fef8b904fb51c\">\n#top .hr.hr-invisible.av-av_hr-22b2c95b934dc9c4342fef8b904fb51c{\nheight:70px;\n}\n<\/style>\n<div  class='hr av-av_hr-22b2c95b934dc9c4342fef8b904fb51c hr-invisible  avia-builder-el-4  el_after_av_heading  avia-builder-el-last '><span class='hr-inner '><span class=\"hr-inner-style\"><\/span><\/span><\/div>\n<\/div><\/div><\/main><!-- close content main element --><\/div><\/div><\/div><div id='after_section_1'  class='main_color av_default_container_wrap container_wrap fullsize'  ><div class='container av-section-cont-open' ><div class='template-page content  av-content-full alpha units'><div class='post-entry post-entry-type-page post-entry-6219'><div class='entry-content-wrapper clearfix'>\n<style type=\"text\/css\" data-created_by=\"avia_inline_auto\" id=\"style-css-av-av_heading-2e6c5ba457587f167a53b642fc4af039\">\n#top .av-special-heading.av-av_heading-2e6c5ba457587f167a53b642fc4af039{\npadding-bottom:10px;\n}\nbody .av-special-heading.av-av_heading-2e6c5ba457587f167a53b642fc4af039 .av-special-heading-tag .heading-char{\nfont-size:25px;\n}\n.av-special-heading.av-av_heading-2e6c5ba457587f167a53b642fc4af039 .av-subheading{\nfont-size:15px;\n}\n<\/style>\n<div  class='av-special-heading av-av_heading-2e6c5ba457587f167a53b642fc4af039 av-special-heading-h1 blockquote modern-quote modern-centered  avia-builder-el-5  el_after_av_section  el_before_av_hr  avia-builder-el-first '><h1 class='av-special-heading-tag '  itemprop=\"headline\"  >Pol\u00edtica de Cookies<\/h1><div class=\"special-heading-border\"><div class=\"special-heading-inner-border\"><\/div><\/div><\/div><\/p>\n\n<style type=\"text\/css\" data-created_by=\"avia_inline_auto\" id=\"style-css-av-av_hr-315ee80c43ee2de311ec0eb1844f3e98\">\n#top .hr.av-av_hr-315ee80c43ee2de311ec0eb1844f3e98{\nmargin-top:30px;\nmargin-bottom:0px;\n}\n.hr.av-av_hr-315ee80c43ee2de311ec0eb1844f3e98 .hr-inner{\nwidth:50px;\nborder-color:#000000;\n}\n<\/style>\n<div  class='hr av-av_hr-315ee80c43ee2de311ec0eb1844f3e98 hr-custom  avia-builder-el-6  el_after_av_heading  el_before_av_section  avia-builder-el-last  hr-center hr-icon-no'><span class='hr-inner inner-border-av-border-fat'><span class=\"hr-inner-style\"><\/span><\/span><\/div>\n<\/div><\/div><\/div><!-- close content main div --><\/div><\/div><div id='av_section_2'  class='avia-section av-av_section-915b33fd1d6006bfc684ade488387eaf main_color avia-section-default avia-no-border-styling  avia-builder-el-7  el_after_av_hr  avia-builder-el-last  avia-bg-style-scroll container_wrap fullsize'  ><div class='container av-section-cont-open' ><div class='template-page content  av-content-full alpha units'><div class='post-entry post-entry-type-page post-entry-6219'><div class='entry-content-wrapper clearfix'>\n\n<style type=\"text\/css\" data-created_by=\"avia_inline_auto\" id=\"style-css-av-av_one_full-9497bbf8bff73ea4c6992cc17fa9ec36\">\n.flex_column.av-av_one_full-9497bbf8bff73ea4c6992cc17fa9ec36{\nborder-radius:0px 0px 0px 0px;\npadding:0px 0px 0px 0px;\n}\n<\/style>\n<div  class='flex_column av-av_one_full-9497bbf8bff73ea4c6992cc17fa9ec36 av_one_full  avia-builder-el-8  avia-builder-el-no-sibling  first flex_column_div av-zero-column-padding  '     ><p>\n<style type=\"text\/css\" data-created_by=\"avia_inline_auto\" id=\"style-css-av-av_textblock-04925bd89c6136d362a84eb2d942e129\">\n#top .av_textblock_section.av-av_textblock-04925bd89c6136d362a84eb2d942e129 .avia_textblock{\nfont-size:17px;\n}\n<\/style>\n<section  class='av_textblock_section av-av_textblock-04925bd89c6136d362a84eb2d942e129 '   itemscope=\"itemscope\" itemtype=\"https:\/\/schema.org\/CreativeWork\" ><div class='avia_textblock'  itemprop=\"text\" ><p>El SITIO WEB de Agrupaci\u00f3n de Cooperativas Valle del Jerte\u00a0emplea \u2018cookies\u2019 con la finalidad de permitir y facilitar la interacci\u00f3n del usuario con el mismo. Asimismo los servicios de estad\u00edsticas \u2013propios o ajenos-, empleados por el SITIO WEB de Agrupaci\u00f3n de Cooperativas Valle del Jerte pueden emplear \u2018cookies\u2019 con la finalidad de establecer m\u00e9tricas y patrones de uso del sitio.\u00a0El acceso, uso y, en general, la navegaci\u00f3n por el SITIO WEB de Agrupaci\u00f3n de Cooperativas Valle del Jerte suponen necesariamente el consentimiento del usuario a la utilizaci\u00f3n de \u201ccookies\u201d por parte de Agrupaci\u00f3n de Cooperativas Valle del Jerte y\/o de sus proveedores de servicios.<\/p>\n<p>\u00bfQu\u00e9 son las cookies?\u00a0Una cookie es un fichero que se descarga en su ordenador al acceder a determinadas p\u00e1ginas web. Las cookies permiten a una p\u00e1gina web, entre otras cosas, almacenar y recuperar informaci\u00f3n sobre los h\u00e1bitos de navegaci\u00f3n de un usuario o de su equipo y, dependiendo de la informaci\u00f3n que contengan y de la forma en que utilice su equipo, pueden utilizarse para reconocer al usuario.<\/p>\n<p>\u00bfQu\u00e9 tipos de cookies utiliza esta p\u00e1gina web?<\/p>\n<p>\u2022\u00a0Cookies de sesi\u00f3n:\u00a0Mantienen al usuario identificado ante el SITIO WEB, permitiendo su interacci\u00f3n con el mismo.<\/p>\n<p>\u2022\u00a0Cookies de an\u00e1lisis:\u00a0Son aqu\u00e9llas que bien tratadas por nosotros o por terceros, nos permiten cuantificar el n\u00famero de usuarios y as\u00ed realizar la medici\u00f3n y an\u00e1lisis estad\u00edstico de la utilizaci\u00f3n que hacen los usuarios del servicio ofertado. Para ello se analiza su navegaci\u00f3n en nuestra p\u00e1gina web con el fin de mejorar la oferta de productos o servicios que le ofrecemos.<\/p>\n<p>\u2022\u00a0Cookies publicitarias:\u00a0Son aqu\u00e9llas que, bien tratadas por nosotros o por terceros, nos permiten gestionar de la forma m\u00e1s eficaz posible la oferta de los espacios publicitarios que hay en la p\u00e1gina web, adecuando el contenido del anuncio al contenido del servicio solicitado o al uso que realice de nuestra p\u00e1gina web. Para ello podemos analizar sus h\u00e1bitos de navegaci\u00f3n en Internet y podemos mostrarle publicidad relacionada con su perfil de navegaci\u00f3n.<\/p>\n<p>Puede usted permitir, bloquear o eliminar las cookies instaladas en su equipo mediante la configuraci\u00f3n de las opciones del navegador instalado en su ordenador. En la funci\u00f3n Ayuda de la mayor\u00eda de los navegadores se indica c\u00f3mo configurar su navegador para que no acepte cookies, para que le notifique cada vez que reciba una nueva cookie, as\u00ed como para desactivar completamente todas las cookies. Adem\u00e1s, puede deshabilitar o eliminar datos similares utilizados por las extensiones (add-on) de los navegadores, como las \u201cFlash Cookies\u201d, cambiando la configuraci\u00f3n de dichas extensiones o visitando el sitio web del fabricante.<\/p>\n<p>Hiperv\u00ednculos<\/p>\n<p>Agrupaci\u00f3n de Cooperativas Valle del Jerte no se responsabiliza en modo alguno de aquellos contenidos, actividades comerciales, productos y servicios incluidos que pudiesen visualizarse mediante enlaces electr\u00f3nicos (links), directa o indirectamente, a trav\u00e9s de este Sitio Web. Agrupaci\u00f3n de Cooperativas Valle del Jerte no ser\u00e1 en ning\u00fan caso responsable del resultado obtenido a trav\u00e9s de dichos enlaces o de las consecuencias que se deriven del acceso por los Usuarios a los mismos. Agrupaci\u00f3n de Cooperativas Valle del Jerte \u00fanicamente ser\u00e1 responsable, de conformidad con el art\u00edculo 17 de la LSSI, de los contenidos y servicios suministrados en los sitios enlazados en la medida en que tenga conocimiento efectivo de la ilicitud de los mismos y no hubiera desactivado el enlace con la diligencia debida.<\/p>\n<p>La presente Pol\u00edtica de Privacidad es \u00fanicamente aplicable a la informaci\u00f3n contenida en el Sitio Web www.ac-vallejerte.es.<\/p>\n<p>Modificaciones<\/p>\n<p>Agrupaci\u00f3n de Cooperativas Valle del Jerte se reserva el derecho a modificar la presente Pol\u00edtica de Privacidad en cualquier momento a su entera discreci\u00f3n. Cualquier modificaci\u00f3n de la misma ser\u00e1 debidamente publicada en el Sitio Web.<\/p>\n<p>En el supuesto de que la modificaci\u00f3n efectuada requiera su consentimiento previo, circunstancia que le ser\u00e1 debidamente indicada, usted podr\u00e1 oponerse a dicha modificaci\u00f3n dentro de los 30 d\u00edas siguientes a que le haya sido notificada, bien mediante correo electr\u00f3nico dirigido a info@ac-vallejerte.es.<\/p>\n<p>Para permitir, conocer, bloquear o eliminar las cookies instaladas en tu equipo puedes hacerlo mediante la configuraci\u00f3n de las opciones del navegador instalado en su ordenador.<br \/>\nPor ejemplo puedes encontrar informaci\u00f3n sobre c\u00f3mo hacerlo en el caso que uses como navegador:<br \/>\nFirefox desde aqu\u00ed:\u00a0<a title=\"Enlace a Firefox\" href=\"http:\/\/support.mozilla.org\/es\/kb\/habilitar-y-deshabilitar-cookies-que-los-sitios-we%C2%A0\">Enlace a Firefox<\/a><br \/>\nChrome desde aqu\u00ed:\u00a0<a title=\"Enlace a chrome\" href=\"http:\/\/www.copypoc.es\/pages\/%3Ca%20href=%22http:\/\/support.google.com\/chrome\/bin\/answer.py?hl=es&amp;amp;answer=95647%22%20target=%22_blank%22%3Ehttp:\/\/support.google.com\/chrome\/bin\/answer.py?hl=es&amp;amp;answer=95647%3C\/a%3E%C2%A0\">Enlace a Chrome<\/a><br \/>\nExplorer desde aqu\u00ed:\u00a0<a title=\"Enlace a Explorer\" href=\"http:\/\/www.copypoc.es\/pages\/%3Ca%20href=%22http:\/\/windows.microsoft.com\/es-es\/windows7\/how-to-manage-cookies-in-internet-explorer-9%22%20target=%22_blank%22%3Ehttp:\/\/windows.microsoft.com\/es-es\/windows7\/how-to-manage-cookies-in-internet-explorer-9%3C\/a%3E%C2%A0\">Enlace a Explorer<\/a><br \/>\nSafari desde aqu\u00ed:\u00a0<a title=\"Enlace a Safari\" href=\"http:\/\/www.copypoc.es\/pages\/%3Ca%20href=%22http:\/\/support.apple.com\/kb\/ph5042%20target=%22%20_blank=%22%22%3Ehttp:\/\/support.apple.com\/kb\/ph5042%3C\/a%3E%C2%A0\">Enlace a Safari<\/a><br \/>\nOpera desde aqu\u00ed:\u00a0<a title=\"Enlace a Opera\" href=\"http:\/\/help.opera.com\/Windows\/11.50\/es-ES\/cookies.html\">Enlace a Opera<\/a><\/p>\n<\/div><\/section><br \/>\n\n<style type=\"text\/css\" data-created_by=\"avia_inline_auto\" id=\"style-css-av-av_hr-315ee80c43ee2de311ec0eb1844f3e98\">\n#top .hr.av-av_hr-315ee80c43ee2de311ec0eb1844f3e98{\nmargin-top:30px;\nmargin-bottom:0px;\n}\n.hr.av-av_hr-315ee80c43ee2de311ec0eb1844f3e98 .hr-inner{\nwidth:50px;\nborder-color:#000000;\n}\n<\/style>\n<div  class='hr av-av_hr-315ee80c43ee2de311ec0eb1844f3e98 hr-custom  avia-builder-el-10  el_after_av_textblock  avia-builder-el-last  hr-center hr-icon-no'><span class='hr-inner inner-border-av-border-fat'><span class=\"hr-inner-style\"><\/span><\/span><\/div><\/p><\/div>\n","protected":false},"excerpt":{"rendered":"","protected":false},"author":1,"featured_media":0,"parent":0,"menu_order":0,"comment_status":"closed","ping_status":"closed","template":"","meta":{"footnotes":""},"class_list":["post-6219","page","type-page","status-publish","hentry"],"yoast_head":"<!-- This site is optimized with the Yoast SEO plugin v27.0 - https:\/\/yoast.com\/product\/yoast-seo-wordpress\/ -->\n<title>Cookies Policy - Agrupaci\u00f3n de Cooperativas del Valle del Jerte<\/title>\n<meta name=\"robots\" content=\"index, follow, max-snippet:-1, max-image-preview:large, max-video-preview:-1\" \/>\n<link rel=\"canonical\" href=\"https:\/\/ac-vallejerte.es\/politica-de-cookies\/\" \/>\n<meta property=\"og:locale\" content=\"en_US\" \/>\n<meta property=\"og:type\" content=\"article\" \/>\n<meta property=\"og:title\" content=\"Cookies Policy - Agrupaci\u00f3n de Cooperativas del Valle del Jerte\" \/>\n<meta property=\"og:url\" content=\"https:\/\/ac-vallejerte.es\/politica-de-cookies\/\" \/>\n<meta property=\"og:site_name\" content=\"Agrupaci\u00f3n de Cooperativas del Valle del Jerte\" \/>\n<meta property=\"article:publisher\" content=\"https:\/\/www.facebook.com\/AgrupacionCooperativasValleJerte\" \/>\n<meta property=\"article:modified_time\" content=\"2018-12-27T17:57:57+00:00\" \/>\n<meta name=\"twitter:card\" content=\"summary_large_image\" \/>\n<meta name=\"twitter:label1\" content=\"Est. reading time\" \/>\n\t<meta name=\"twitter:data1\" content=\"6 minutes\" \/>\n<script type=\"application\/ld+json\" class=\"yoast-schema-graph\">{\"@context\":\"https:\/\/schema.org\",\"@graph\":[{\"@type\":\"WebPage\",\"@id\":\"https:\/\/ac-vallejerte.es\/politica-de-cookies\/\",\"url\":\"https:\/\/ac-vallejerte.es\/politica-de-cookies\/\",\"name\":\"Cookies Policy - Agrupaci\u00f3n de Cooperativas del Valle del Jerte\",\"isPartOf\":{\"@id\":\"https:\/\/ac-vallejerte.es\/#website\"},\"datePublished\":\"2016-04-29T12:03:16+00:00\",\"dateModified\":\"2018-12-27T17:57:57+00:00\",\"breadcrumb\":{\"@id\":\"https:\/\/ac-vallejerte.es\/politica-de-cookies\/#breadcrumb\"},\"inLanguage\":\"en-US\",\"potentialAction\":[{\"@type\":\"ReadAction\",\"target\":[\"https:\/\/ac-vallejerte.es\/politica-de-cookies\/\"]}]},{\"@type\":\"BreadcrumbList\",\"@id\":\"https:\/\/ac-vallejerte.es\/politica-de-cookies\/#breadcrumb\",\"itemListElement\":[{\"@type\":\"ListItem\",\"position\":1,\"name\":\"Portada\",\"item\":\"https:\/\/ac-vallejerte.es\/en\/\"},{\"@type\":\"ListItem\",\"position\":2,\"name\":\"Cookies Policy\"}]},{\"@type\":\"WebSite\",\"@id\":\"https:\/\/ac-vallejerte.es\/#website\",\"url\":\"https:\/\/ac-vallejerte.es\/\",\"name\":\"Agrupaci\u00f3n de Cooperativas del Valle del Jerte\",\"description\":\"Agrupaci\u00f3n de Cooperativas Valle del Jerte\",\"publisher\":{\"@id\":\"https:\/\/ac-vallejerte.es\/#organization\"},\"potentialAction\":[{\"@type\":\"SearchAction\",\"target\":{\"@type\":\"EntryPoint\",\"urlTemplate\":\"https:\/\/ac-vallejerte.es\/?s={search_term_string}\"},\"query-input\":{\"@type\":\"PropertyValueSpecification\",\"valueRequired\":true,\"valueName\":\"search_term_string\"}}],\"inLanguage\":\"en-US\"},{\"@type\":\"Organization\",\"@id\":\"https:\/\/ac-vallejerte.es\/#organization\",\"name\":\"Agrupaci\u00f3n de Cooperativas del Valle del Jerte\",\"url\":\"https:\/\/ac-vallejerte.es\/\",\"logo\":{\"@type\":\"ImageObject\",\"inLanguage\":\"en-US\",\"@id\":\"https:\/\/ac-vallejerte.es\/#\/schema\/logo\/image\/\",\"url\":\"https:\/\/ac-vallejerte.es\/wp-content\/uploads\/2018\/10\/acvj_200x200.png\",\"contentUrl\":\"https:\/\/ac-vallejerte.es\/wp-content\/uploads\/2018\/10\/acvj_200x200.png\",\"width\":200,\"height\":200,\"caption\":\"Agrupaci\u00f3n de Cooperativas del Valle del Jerte\"},\"image\":{\"@id\":\"https:\/\/ac-vallejerte.es\/#\/schema\/logo\/image\/\"},\"sameAs\":[\"https:\/\/www.facebook.com\/AgrupacionCooperativasValleJerte\",\"https:\/\/www.instagram.com\/agrup.coop.valledeljerte\"]}]}<\/script>\n<!-- \/ Yoast SEO plugin. -->","yoast_head_json":{"title":"Cookies Policy - Agrupaci\u00f3n de Cooperativas del Valle del Jerte","robots":{"index":"index","follow":"follow","max-snippet":"max-snippet:-1","max-image-preview":"max-image-preview:large","max-video-preview":"max-video-preview:-1"},"canonical":"https:\/\/ac-vallejerte.es\/politica-de-cookies\/","og_locale":"en_US","og_type":"article","og_title":"Cookies Policy - Agrupaci\u00f3n de Cooperativas del Valle del Jerte","og_url":"https:\/\/ac-vallejerte.es\/politica-de-cookies\/","og_site_name":"Agrupaci\u00f3n de Cooperativas del Valle del Jerte","article_publisher":"https:\/\/www.facebook.com\/AgrupacionCooperativasValleJerte","article_modified_time":"2018-12-27T17:57:57+00:00","twitter_card":"summary_large_image","twitter_misc":{"Est. reading time":"6 minutes"},"schema":{"@context":"https:\/\/schema.org","@graph":[{"@type":"WebPage","@id":"https:\/\/ac-vallejerte.es\/politica-de-cookies\/","url":"https:\/\/ac-vallejerte.es\/politica-de-cookies\/","name":"Cookies Policy - Agrupaci\u00f3n de Cooperativas del Valle del Jerte","isPartOf":{"@id":"https:\/\/ac-vallejerte.es\/#website"},"datePublished":"2016-04-29T12:03:16+00:00","dateModified":"2018-12-27T17:57:57+00:00","breadcrumb":{"@id":"https:\/\/ac-vallejerte.es\/politica-de-cookies\/#breadcrumb"},"inLanguage":"en-US","potentialAction":[{"@type":"ReadAction","target":["https:\/\/ac-vallejerte.es\/politica-de-cookies\/"]}]},{"@type":"BreadcrumbList","@id":"https:\/\/ac-vallejerte.es\/politica-de-cookies\/#breadcrumb","itemListElement":[{"@type":"ListItem","position":1,"name":"Portada","item":"https:\/\/ac-vallejerte.es\/en\/"},{"@type":"ListItem","position":2,"name":"Cookies Policy"}]},{"@type":"WebSite","@id":"https:\/\/ac-vallejerte.es\/#website","url":"https:\/\/ac-vallejerte.es\/","name":"Agrupaci\u00f3n de Cooperativas del Valle del Jerte","description":"Agrupaci\u00f3n de Cooperativas Valle del Jerte","publisher":{"@id":"https:\/\/ac-vallejerte.es\/#organization"},"potentialAction":[{"@type":"SearchAction","target":{"@type":"EntryPoint","urlTemplate":"https:\/\/ac-vallejerte.es\/?s={search_term_string}"},"query-input":{"@type":"PropertyValueSpecification","valueRequired":true,"valueName":"search_term_string"}}],"inLanguage":"en-US"},{"@type":"Organization","@id":"https:\/\/ac-vallejerte.es\/#organization","name":"Agrupaci\u00f3n de Cooperativas del Valle del Jerte","url":"https:\/\/ac-vallejerte.es\/","logo":{"@type":"ImageObject","inLanguage":"en-US","@id":"https:\/\/ac-vallejerte.es\/#\/schema\/logo\/image\/","url":"https:\/\/ac-vallejerte.es\/wp-content\/uploads\/2018\/10\/acvj_200x200.png","contentUrl":"https:\/\/ac-vallejerte.es\/wp-content\/uploads\/2018\/10\/acvj_200x200.png","width":200,"height":200,"caption":"Agrupaci\u00f3n de Cooperativas del Valle del Jerte"},"image":{"@id":"https:\/\/ac-vallejerte.es\/#\/schema\/logo\/image\/"},"sameAs":["https:\/\/www.facebook.com\/AgrupacionCooperativasValleJerte","https:\/\/www.instagram.com\/agrup.coop.valledeljerte"]}]}},"_links":{"self":[{"href":"https:\/\/ac-vallejerte.es\/en\/wp-json\/wp\/v2\/pages\/6219","targetHints":{"allow":["GET"]}}],"collection":[{"href":"https:\/\/ac-vallejerte.es\/en\/wp-json\/wp\/v2\/pages"}],"about":[{"href":"https:\/\/ac-vallejerte.es\/en\/wp-json\/wp\/v2\/types\/page"}],"author":[{"embeddable":true,"href":"https:\/\/ac-vallejerte.es\/en\/wp-json\/wp\/v2\/users\/1"}],"replies":[{"embeddable":true,"href":"https:\/\/ac-vallejerte.es\/en\/wp-json\/wp\/v2\/comments?post=6219"}],"version-history":[{"count":0,"href":"https:\/\/ac-vallejerte.es\/en\/wp-json\/wp\/v2\/pages\/6219\/revisions"}],"wp:attachment":[{"href":"https:\/\/ac-vallejerte.es\/en\/wp-json\/wp\/v2\/media?parent=6219"}],"curies":[{"name":"wp","href":"https:\/\/api.w.org\/{rel}","templated":true}]}}